{"id":6271,"date":"2018-10-29T14:11:44","date_gmt":"2018-10-29T14:11:44","guid":{"rendered":"https:\/\/spsb.ch\/?page_id=6271"},"modified":"2024-04-23T15:55:32","modified_gmt":"2024-04-23T13:55:32","slug":"sponsoren","status":"publish","type":"page","link":"https:\/\/spsb.ch\/index.php\/sponsoren\/","title":{"rendered":"Links"},"content":{"rendered":"<section class=\"l-section wpb_row height_medium\"><div class=\"l-section-h i-cf\"><div class=\"g-cols vc_row type_default valign_top\"><div class=\"vc_col-sm-6 wpb_column vc_column_container\"><div class=\"vc_column-inner\"><div class=\"wpb_wrapper\">\r\n\t<div class=\"wpb_text_column \">\r\n\t\t<div class=\"wpb_wrapper\">\r\n\t\t\t<p><strong>Verb\u00e4nde<\/strong><br \/>\n<a href=\"http:\/\/www.swissshooting.ch\/desktopdefault.aspx\" target=\"_blank\" rel=\"noopener\">Schweizer Schiesssportverband SSV<\/a><br \/>\n<a href=\"http:\/\/sosv.ch\/\" target=\"_blank\" rel=\"noopener\">Solothurner Schiesssportverband SOSV<\/a><br \/>\n<a href=\"https:\/\/www.bsvbucheggberg.ch\/\" target=\"_blank\" rel=\"noopener\">BSV Bucheggberg<\/a><\/p>\n<p><strong>Vereine<\/strong><br \/>\n<a href=\"https:\/\/www.sportschuetzen-aeschi.ch\/\" target=\"_blank\" rel=\"noopener\">Sportsch\u00fctzen Aeschi SO<\/a><br \/>\n<a href=\"https:\/\/www.fsbk.ch\/clubdesk\/www\" target=\"_blank\" rel=\"noopener\">Freisch\u00fctzen Balsthal-Klus<\/a><br \/>\n<a href=\"https:\/\/www.shootingacademy.ch\/\" target=\"_blank\" rel=\"noopener\">Shooting Academy Schwadernau<\/a><br \/>\n<a href=\"http:\/\/sportschuetzen.vsgb.ch\/\" target=\"_blank\" rel=\"noopener\">Sportsch\u00fctzen Gerlafingen<\/a><br \/>\n<a href=\"http:\/\/www.sgschnottwil.ch\/\" target=\"_blank\" rel=\"noopener\">Sch\u00fctzengesellschaft Schnottwil<\/a><br \/>\n<a href=\"https:\/\/www.schuetzen-selzach.ch\/\" target=\"_blank\" rel=\"noopener\">Sportsch\u00fctzen Selzach Altreu<\/a><br \/>\n<a href=\"https:\/\/www.sportschuetzen-subingen-deitingen.ch\/\" target=\"_blank\" rel=\"noopener\">Sportsch\u00fctzen Subingen Deitingen<\/a><br \/>\n<a href=\"http:\/\/www.sportschuetzen-winistorf.ch\/\" target=\"_blank\" rel=\"noopener\">Sportsch\u00fctzen &#171;3 H\u00f6fe&#187; Winistorf<\/a><\/p>\n\r\n\t\t<\/div>\r\n\t<\/div>\r\n<\/div><\/div><\/div><div class=\"vc_col-sm-6 wpb_column vc_column_container\"><div class=\"vc_column-inner\"><div class=\"wpb_wrapper\">\r\n\t<div class=\"wpb_text_column \">\r\n\t\t<div class=\"wpb_wrapper\">\r\n\t\t\t<p><strong>Sponsoren<br \/>\n<\/strong><a href=\"http:\/\/www.azeiger.ch\/\" target=\"_blank\" rel=\"noopener\">AZ Anzeiger AG Solothurn<\/a><br \/>\n<a href=\"https:\/\/www.schreinerei-balmer.ch\/home.html\" target=\"_blank\" rel=\"noopener\">Schreinerei Balmer AG, Subingen<\/a><\/p>\n\r\n\t\t<\/div>\r\n\t<\/div>\r\n<\/div><\/div><\/div><\/div><\/div><\/section>\n","protected":false},"excerpt":{"rendered":"Verb\u00e4nde Schweizer Schiesssportverband SSV Solothurner Schiesssportverband SOSV BSV Bucheggberg Vereine Sportsch\u00fctzen Aeschi SO Freisch\u00fctzen Balsthal-Klus Shooting Academy Schwadernau Sportsch\u00fctzen Gerlafingen Sch\u00fctzengesellschaft Schnottwil Sportsch\u00fctzen Selzach Altreu Sportsch\u00fctzen Subingen Deitingen Sportsch\u00fctzen \"3 H\u00f6fe\" Winistorf Sponsoren AZ Anzeiger AG Solothurn Schreinerei Balmer AG, Subingen","protected":false},"author":1,"featured_media":0,"parent":0,"menu_order":0,"comment_status":"closed","ping_status":"closed","template":"","meta":{"ngg_post_thumbnail":0,"footnotes":""},"class_list":["post-6271","page","type-page","status-publish","hentry"],"featured_image_src":null,"_links":{"self":[{"href":"https:\/\/spsb.ch\/index.php\/wp-json\/wp\/v2\/pages\/6271","targetHints":{"allow":["GET"]}}],"collection":[{"href":"https:\/\/spsb.ch\/index.php\/wp-json\/wp\/v2\/pages"}],"about":[{"href":"https:\/\/spsb.ch\/index.php\/wp-json\/wp\/v2\/types\/page"}],"author":[{"embeddable":true,"href":"https:\/\/spsb.ch\/index.php\/wp-json\/wp\/v2\/users\/1"}],"replies":[{"embeddable":true,"href":"https:\/\/spsb.ch\/index.php\/wp-json\/wp\/v2\/comments?post=6271"}],"version-history":[{"count":18,"href":"https:\/\/spsb.ch\/index.php\/wp-json\/wp\/v2\/pages\/6271\/revisions"}],"predecessor-version":[{"id":10959,"href":"https:\/\/spsb.ch\/index.php\/wp-json\/wp\/v2\/pages\/6271\/revisions\/10959"}],"wp:attachment":[{"href":"https:\/\/spsb.ch\/index.php\/wp-json\/wp\/v2\/media?parent=6271"}],"curies":[{"name":"wp","href":"https:\/\/api.w.org\/{rel}","templated":true}]}}