{"id":6269,"date":"2019-05-10T06:11:55","date_gmt":"2019-05-10T06:11:55","guid":{"rendered":"https:\/\/spsb.ch\/?page_id=6269"},"modified":"2026-02-18T09:09:55","modified_gmt":"2026-02-18T08:09:55","slug":"volksschiessen","status":"publish","type":"page","link":"https:\/\/spsb.ch\/index.php\/volksschiessen\/","title":{"rendered":"Volksschiessen"},"content":{"rendered":"\n<p>Das Schweizer Volksschiessen Gewehr 50m ist die ideale M\u00f6glichkeit der breiten Bev\u00f6lkerung das sportliche Schiessen n\u00e4herzubringen. Alle, ab 10 Jahren, sind teilnahmeberechtigt.<br>Seit 1976 bieten die Sportsch\u00fctzen Biezwil diesen Anlass f\u00fcr Jedermann\/-frau an. Das Programm kann auf 5er- und\/oder 10er-Wertung absolviert werden. Zus\u00e4tzlich wird ein spannender Gruppenwettkampf durchgef\u00fchrt. Jede Gruppe erh\u00e4lt einen attraktiven Preis.<br>Im <em>Grotto Ticinese<\/em> wird eine reichhaltige Auswahl an Getr\u00e4nken und Speisen angeboten.<br>Wir freuen uns, wenn wir m\u00f6glichst viele neue Sch\u00fctzinnen und Sch\u00fctzen sowie G\u00e4ste begeistern k\u00f6nnen. Alle sind herzlich willkommen!<\/p>\n\n\n<div class=\"wp-block-ub-content-toggle wp-block-ub-content-toggle-block\" id=\"ub-content-toggle-block-70a6b98c-23db-4e83-97e6-545a6cf027ac\" data-mobilecollapse=\"false\" data-desktopcollapse=\"true\" data-preventcollapse=\"false\" data-showonlyone=\"false\">\n<div class=\"wp-block-ub-content-toggle-accordion\" style=\"border-color: #f1f1f1; \" id=\"ub-content-toggle-panel-block-\">\n\t\t\t<div class=\"wp-block-ub-content-toggle-accordion-title-wrap\" style=\"background-color: #f1f1f1;\" aria-controls=\"ub-content-toggle-panel-0-70a6b98c-23db-4e83-97e6-545a6cf027ac\" tabindex=\"0\">\n\t\t\t<p class=\"wp-block-ub-content-toggle-accordion-title ub-content-toggle-title-70a6b98c-23db-4e83-97e6-545a6cf027ac\" style=\"color: #000000; \"><strong>Volksschiessen 2026<\/strong><\/p>\n\t\t\t<div class=\"wp-block-ub-content-toggle-accordion-toggle-wrap right\" style=\"color: #000000;\"><span class=\"wp-block-ub-content-toggle-accordion-state-indicator wp-block-ub-chevron-down open\"><\/span><\/div>\n\t\t<\/div>\n\t\t\t<div role=\"region\" aria-expanded=\"true\" class=\"wp-block-ub-content-toggle-accordion-content-wrap\" id=\"ub-content-toggle-panel-0-70a6b98c-23db-4e83-97e6-545a6cf027ac\">\n\n<figure class=\"wp-block-image size-large\"><img loading=\"lazy\" decoding=\"async\" width=\"1024\" height=\"725\" src=\"https:\/\/spsb.ch\/wp-content\/uploads\/2026\/02\/Flyer-Vorderseite-PGN-1024x725.png\" alt=\"\" class=\"wp-image-11616\" srcset=\"https:\/\/spsb.ch\/wp-content\/uploads\/2026\/02\/Flyer-Vorderseite-PGN-1024x725.png 1024w, https:\/\/spsb.ch\/wp-content\/uploads\/2026\/02\/Flyer-Vorderseite-PGN-300x213.png 300w, https:\/\/spsb.ch\/wp-content\/uploads\/2026\/02\/Flyer-Vorderseite-PGN-1536x1088.png 1536w, https:\/\/spsb.ch\/wp-content\/uploads\/2026\/02\/Flyer-Vorderseite-PGN-600x425.png 600w, https:\/\/spsb.ch\/wp-content\/uploads\/2026\/02\/Flyer-Vorderseite-PGN.png 1680w\" sizes=\"auto, (max-width: 1024px) 100vw, 1024px\" \/><\/figure>\n\n\n\n<figure class=\"wp-block-image size-large\"><img loading=\"lazy\" decoding=\"async\" width=\"1024\" height=\"730\" src=\"https:\/\/spsb.ch\/wp-content\/uploads\/2026\/02\/Flyer-Rueckseite-PGN-1024x730.png\" alt=\"\" class=\"wp-image-11617\" srcset=\"https:\/\/spsb.ch\/wp-content\/uploads\/2026\/02\/Flyer-Rueckseite-PGN-1024x730.png 1024w, https:\/\/spsb.ch\/wp-content\/uploads\/2026\/02\/Flyer-Rueckseite-PGN-300x214.png 300w, https:\/\/spsb.ch\/wp-content\/uploads\/2026\/02\/Flyer-Rueckseite-PGN-1536x1095.png 1536w, https:\/\/spsb.ch\/wp-content\/uploads\/2026\/02\/Flyer-Rueckseite-PGN-600x428.png 600w, https:\/\/spsb.ch\/wp-content\/uploads\/2026\/02\/Flyer-Rueckseite-PGN.png 1680w\" sizes=\"auto, (max-width: 1024px) 100vw, 1024px\" \/><\/figure>\n\n<\/div>\n\t\t<\/div>\n\n<div class=\"wp-block-ub-content-toggle-accordion\" style=\"border-color: #f1f1f1; \" id=\"ub-content-toggle-panel-block-\">\n\t\t\t<div class=\"wp-block-ub-content-toggle-accordion-title-wrap\" style=\"background-color: #f1f1f1;\" aria-controls=\"ub-content-toggle-panel-1-70a6b98c-23db-4e83-97e6-545a6cf027ac\" tabindex=\"0\">\n\t\t\t<p class=\"wp-block-ub-content-toggle-accordion-title ub-content-toggle-title-70a6b98c-23db-4e83-97e6-545a6cf027ac\" style=\"color: #000000; \"><strong>Volksschiessen 2025<\/strong><\/p>\n\t\t\t<div class=\"wp-block-ub-content-toggle-accordion-toggle-wrap right\" style=\"color: #000000;\"><span class=\"wp-block-ub-content-toggle-accordion-state-indicator wp-block-ub-chevron-down\"><\/span><\/div>\n\t\t<\/div>\n\t\t\t<div role=\"region\" aria-expanded=\"false\" class=\"wp-block-ub-content-toggle-accordion-content-wrap ub-hide\" id=\"ub-content-toggle-panel-1-70a6b98c-23db-4e83-97e6-545a6cf027ac\">\n\n<p>Die Schlussrangliste Volksschiessen 2025<\/p>\n\n\n\n<div data-wp-interactive=\"core\/file\" class=\"wp-block-file\"><object data-wp-bind--hidden=\"!state.hasPdfPreview\" hidden class=\"wp-block-file__embed\" data=\"https:\/\/spsb.ch\/wp-content\/uploads\/2025\/05\/Rangliste-VS.pdf\" type=\"application\/pdf\" style=\"width:100%;height:600px\" aria-label=\"Einbettung von Rangliste VS 2025 Komplett.\"><\/object><a id=\"wp-block-file--media-4f53cc65-c310-4e17-87e4-a6eb41ac1f0c\" href=\"https:\/\/spsb.ch\/wp-content\/uploads\/2025\/05\/Rangliste-VS.pdf\">Rangliste VS 2025 Komplett<\/a><a href=\"https:\/\/spsb.ch\/wp-content\/uploads\/2025\/05\/Rangliste-VS.pdf\" class=\"wp-block-file__button wp-element-button\" download aria-describedby=\"wp-block-file--media-4f53cc65-c310-4e17-87e4-a6eb41ac1f0c\">Herunterladen<\/a><\/div>\n\n<\/div>\n\t\t<\/div>\n\n<div class=\"wp-block-ub-content-toggle-accordion\" style=\"border-color: #f1f1f1; \" id=\"ub-content-toggle-panel-block-e5730b78-09d6-4d3f-8d21-f2f7d53ac613\">\n\t\t\t<div class=\"wp-block-ub-content-toggle-accordion-title-wrap\" style=\"background-color: #f1f1f1;\" aria-controls=\"ub-content-toggle-panel-2-70a6b98c-23db-4e83-97e6-545a6cf027ac\" tabindex=\"0\">\n\t\t\t<p class=\"wp-block-ub-content-toggle-accordion-title ub-content-toggle-title-70a6b98c-23db-4e83-97e6-545a6cf027ac\" style=\"color: #000000; \"><strong>Volksschiessen 2024<\/strong><\/p>\n\t\t\t<div class=\"wp-block-ub-content-toggle-accordion-toggle-wrap right\" style=\"color: #000000;\"><span class=\"wp-block-ub-content-toggle-accordion-state-indicator wp-block-ub-chevron-down\"><\/span><\/div>\n\t\t<\/div>\n\t\t\t<div role=\"region\" aria-expanded=\"false\" class=\"wp-block-ub-content-toggle-accordion-content-wrap ub-hide\" id=\"ub-content-toggle-panel-2-70a6b98c-23db-4e83-97e6-545a6cf027ac\">\n\n<div class=\"wp-block-columns is-layout-flex wp-container-core-columns-is-layout-9d6595d7 wp-block-columns-is-layout-flex\"><\/div>\n\n\n\n<div data-wp-interactive=\"core\/file\" class=\"wp-block-file\"><object data-wp-bind--hidden=\"!state.hasPdfPreview\" hidden class=\"wp-block-file__embed\" data=\"https:\/\/spsb.ch\/wp-content\/uploads\/2024\/06\/Final-Nichtlizenzierte-vor-Wettkampf.pdf\" type=\"application\/pdf\" style=\"width:100%;height:600px\" aria-label=\"Einbettung von Final Nichtlizenzierte vor Wettkampf.\"><\/object><a id=\"wp-block-file--media-883dd3c1-75d8-4445-b7f5-9d7243b107bf\" href=\"https:\/\/spsb.ch\/wp-content\/uploads\/2024\/06\/Final-Nichtlizenzierte-vor-Wettkampf.pdf\">Final Nichtlizenzierte vor Wettkampf<\/a><a href=\"https:\/\/spsb.ch\/wp-content\/uploads\/2024\/06\/Final-Nichtlizenzierte-vor-Wettkampf.pdf\" class=\"wp-block-file__button wp-element-button\" download aria-describedby=\"wp-block-file--media-883dd3c1-75d8-4445-b7f5-9d7243b107bf\">Herunterladen<\/a><\/div>\n\n\n<ul style=\"padding-left: 1.1em; text-align: left; --ub-list-item-icon-top: 3px;; --ub-list-item-icon-size: 0.9em; --ub-list-item-background-image: url('data:image\/svg+xml;utf8,&lt;svg xmlns=&quot;http:\/\/www.w3.org\/2000\/svg&quot; viewBox=&quot;0 0 512 512&quot;&gt;&lt;path fill=&quot;%23000000&quot; d=&quot;M470.6 105.4c12.5 12.5 12.5 32.8 0 45.3l-256 256c-12.5 12.5-32.8 12.5-45.3 0l-128-128c-12.5-12.5-12.5-32.8 0-45.3s32.8-12.5 45.3 0L192 338.7 425.4 105.4c12.5-12.5 32.8-12.5 45.3 0z&quot;&gt;&lt;\/path&gt;&lt;\/svg&gt;'); --ub-list-item-fa-li-top: 3px; --ub-list-item-spacing: 0px; \" class=\"wp-block-ub-styled-list ub_styled_list\" id=\"ub_styled_list-087388e6-48ad-48e7-aa0f-5ef6f961f598\"><div class=\"ub-block-list__layout\" style=\"text-align: left; column-count: 1; --ub-list-mobile-column-count: 1; \">\n<li class=\"ub_styled_list_item\" style=\"--ub-list-item-icon-top: 3px; --ub-list-item-icon-size: 0.9em; --ub-list-item-background-image: url('data:image\/svg+xml;utf8,&lt;svg xmlns=&quot;http:\/\/www.w3.org\/2000\/svg&quot; viewBox=&quot;0 0 512 512&quot;&gt;&lt;path fill=&quot;%23000000&quot; d=&quot;M470.6 105.4c12.5 12.5 12.5 32.8 0 45.3l-256 256c-12.5 12.5-32.8 12.5-45.3 0l-128-128c-12.5-12.5-12.5-32.8 0-45.3s32.8-12.5 45.3 0L192 338.7 425.4 105.4c12.5-12.5 32.8-12.5 45.3 0z&quot;&gt;&lt;\/path&gt;&lt;\/svg&gt;'); \" id=\"ub-styled-list-item-30bceefb-e683-4c4b-9f03-97e2025c3222\">\n\t\t\t<div class=\"ub_list_item_content\">\n\t\t\t\t<span class=\"ub_list_item_icon\">\n\t\t\t\t\t<svg width=\"0.9em\" height=\"0.9em\" xmlns=\"http:\/\/www.w3.org\/2000\/svg\" viewbox=\"0 0 512 512\"><path fill=\"#000000\" d=\"M470.6 105.4c12.5 12.5 12.5 32.8 0 45.3l-256 256c-12.5 12.5-32.8 12.5-45.3 0l-128-128c-12.5-12.5-12.5-32.8 0-45.3s32.8-12.5 45.3 0L192 338.7 425.4 105.4c12.5-12.5 32.8-12.5 45.3 0z\"><\/path><\/svg>\n\t\t\t\t<\/span>\n\t\t\t\t<span class=\"ub_list_item_text\"><\/span>\n\t\t\t<\/div>\n\t\t\t\n\t\t<\/li>\n<\/div><\/ul>\n\n\n<div data-wp-interactive=\"core\/file\" class=\"wp-block-file\"><object data-wp-bind--hidden=\"!state.hasPdfPreview\" hidden class=\"wp-block-file__embed\" data=\"https:\/\/spsb.ch\/wp-content\/uploads\/2024\/06\/Rangliste-2024-06-07.pdf\" type=\"application\/pdf\" style=\"width:100%;height:600px\" aria-label=\"Einbettung von Rangliste 2024-06-07.\"><\/object><a id=\"wp-block-file--media-de1ce248-2f41-4e1b-8323-0cfecef49435\" href=\"https:\/\/spsb.ch\/wp-content\/uploads\/2024\/06\/Rangliste-2024-06-07.pdf\">Rangliste 2024-06-07<\/a><a href=\"https:\/\/spsb.ch\/wp-content\/uploads\/2024\/06\/Rangliste-2024-06-07.pdf\" class=\"wp-block-file__button wp-element-button\" download aria-describedby=\"wp-block-file--media-de1ce248-2f41-4e1b-8323-0cfecef49435\">Herunterladen<\/a><\/div>\n\n\n\n<div data-wp-interactive=\"core\/file\" class=\"wp-block-file\"><object data-wp-bind--hidden=\"!state.hasPdfPreview\" hidden class=\"wp-block-file__embed\" data=\"https:\/\/spsb.ch\/wp-content\/uploads\/2024\/06\/Sponsorenliste-2024.pdf\" type=\"application\/pdf\" style=\"width:100%;height:860px\" aria-label=\"Einbettung von Sponsorenliste 2024.\"><\/object><a id=\"wp-block-file--media-ab318704-b901-484f-9f54-7fe7c9c2fde1\" href=\"https:\/\/spsb.ch\/wp-content\/uploads\/2024\/06\/Sponsorenliste-2024.pdf\">Sponsorenliste 2024<\/a><a href=\"https:\/\/spsb.ch\/wp-content\/uploads\/2024\/06\/Sponsorenliste-2024.pdf\" class=\"wp-block-file__button wp-element-button\" download aria-describedby=\"wp-block-file--media-ab318704-b901-484f-9f54-7fe7c9c2fde1\">Herunterladen<\/a><\/div>\n\n<\/div>\n\t\t<\/div>\n\n<div class=\"wp-block-ub-content-toggle-accordion\" style=\"border-color: #f1f1f1; \" id=\"ub-content-toggle-panel-block-e58cc34c-81d1-4dc7-acc5-8b3b386ba6fd\">\n\t\t\t<div class=\"wp-block-ub-content-toggle-accordion-title-wrap\" style=\"background-color: #f1f1f1;\" aria-controls=\"ub-content-toggle-panel-3-70a6b98c-23db-4e83-97e6-545a6cf027ac\" tabindex=\"0\">\n\t\t\t<p class=\"wp-block-ub-content-toggle-accordion-title ub-content-toggle-title-70a6b98c-23db-4e83-97e6-545a6cf027ac\" style=\"color: #000000; \"><strong>Volksschiessen 2023<\/strong><\/p>\n\t\t\t<div class=\"wp-block-ub-content-toggle-accordion-toggle-wrap right\" style=\"color: #000000;\"><span class=\"wp-block-ub-content-toggle-accordion-state-indicator wp-block-ub-chevron-down\"><\/span><\/div>\n\t\t<\/div>\n\t\t\t<div role=\"region\" aria-expanded=\"false\" class=\"wp-block-ub-content-toggle-accordion-content-wrap ub-hide\" id=\"ub-content-toggle-panel-3-70a6b98c-23db-4e83-97e6-545a6cf027ac\">\n\n<div class=\"wp-block-columns is-layout-flex wp-container-core-columns-is-layout-9d6595d7 wp-block-columns-is-layout-flex\">\n<div class=\"wp-block-column is-layout-flow wp-block-column-is-layout-flow\">\n<div data-wp-interactive=\"core\/file\" class=\"wp-block-file\"><object data-wp-bind--hidden=\"!state.hasPdfPreview\" hidden class=\"wp-block-file__embed\" data=\"https:\/\/spsb.ch\/wp-content\/uploads\/2023\/06\/Schlussrangliste_2023-06-09_VS.pdf\" type=\"application\/pdf\" style=\"width:100%;height:750px\" aria-label=\"Einbettung von Schlussrangliste_2023-06-09_VS.\"><\/object><a id=\"wp-block-file--media-53b6148a-946f-4b8d-867f-62cbe947b7b1\" href=\"https:\/\/spsb.ch\/wp-content\/uploads\/2023\/06\/Schlussrangliste_2023-06-09_VS.pdf\">Schlussrangliste_2023-06-09_VS<\/a><a href=\"https:\/\/spsb.ch\/wp-content\/uploads\/2023\/06\/Schlussrangliste_2023-06-09_VS.pdf\" class=\"wp-block-file__button wp-element-button\" download aria-describedby=\"wp-block-file--media-53b6148a-946f-4b8d-867f-62cbe947b7b1\">Herunterladen<\/a><\/div>\n\n\n\n<p><strong><a rel=\"noreferrer noopener\" href=\"https:\/\/spsb.ch\/wp-content\/uploads\/2023\/05\/VS-Liste-Sponsoren-2023.pdf\" target=\"_blank\">Sponsoren Volksschiessen 2023<\/a><\/strong><br><strong><a rel=\"noreferrer noopener\" href=\"https:\/\/spsb.ch\/wp-content\/uploads\/2023\/06\/Schlussrangliste_2023-06-09_VS.pdf\" target=\"_blank\">Schlussrangliste Volksschiessen 2023<\/a><\/strong><\/p>\n<\/div>\n<\/div>\n\n<\/div>\n\t\t<\/div>\n\n<div class=\"wp-block-ub-content-toggle-accordion\" style=\"border-color: #f1f1f1; \" id=\"ub-content-toggle-panel-block-81f42de3-cc87-4c44-93da-7a4bba502b22\">\n\t\t\t<div class=\"wp-block-ub-content-toggle-accordion-title-wrap\" style=\"background-color: #f1f1f1;\" aria-controls=\"ub-content-toggle-panel-4-70a6b98c-23db-4e83-97e6-545a6cf027ac\" tabindex=\"0\">\n\t\t\t<p class=\"wp-block-ub-content-toggle-accordion-title ub-content-toggle-title-70a6b98c-23db-4e83-97e6-545a6cf027ac\" style=\"color: #000000; \"><strong>Volksschiessen 2022<\/strong><\/p>\n\t\t\t<div class=\"wp-block-ub-content-toggle-accordion-toggle-wrap right\" style=\"color: #000000;\"><span class=\"wp-block-ub-content-toggle-accordion-state-indicator wp-block-ub-chevron-down\"><\/span><\/div>\n\t\t<\/div>\n\t\t\t<div role=\"region\" aria-expanded=\"false\" class=\"wp-block-ub-content-toggle-accordion-content-wrap ub-hide\" id=\"ub-content-toggle-panel-4-70a6b98c-23db-4e83-97e6-545a6cf027ac\">\n\n<div class=\"wp-block-file\"><a id=\"wp-block-file--media-0208c6eb-a2f4-4758-b415-1e17ea30a547\" href=\"https:\/\/spsb.ch\/wp-content\/uploads\/2022\/05\/Liste-Sponsoren-2022.pdf\"><strong>Sponsoren Volksschiessen 2022<\/strong><\/a><\/div>\n\n\n\n<p><a rel=\"noreferrer noopener\" href=\"https:\/\/spsb.ch\/wp-content\/uploads\/2022\/06\/Rangliste-VS-2022-06-03.pdf\" data-type=\"URL\" data-id=\"https:\/\/spsb.ch\/wp-content\/uploads\/2022\/06\/Rangliste-VS-2022-06-03.pdf\" target=\"_blank\"><strong>Schlussrangliste Volksschiessen 2022<\/strong><\/a><\/p>\n\n<\/div>\n\t\t<\/div>\n\n<div class=\"wp-block-ub-content-toggle-accordion\" style=\"border-color: #f1f1f1; \" id=\"ub-content-toggle-panel-block-90db8ebd-d59c-4518-91d1-c4cc9327a884\">\n\t\t\t<div class=\"wp-block-ub-content-toggle-accordion-title-wrap\" style=\"background-color: #f1f1f1;\" aria-controls=\"ub-content-toggle-panel-5-70a6b98c-23db-4e83-97e6-545a6cf027ac\" tabindex=\"0\">\n\t\t\t<p class=\"wp-block-ub-content-toggle-accordion-title ub-content-toggle-title-70a6b98c-23db-4e83-97e6-545a6cf027ac\" style=\"color: #000000; \"><strong>Volksschiessen 2019<\/strong><\/p>\n\t\t\t<div class=\"wp-block-ub-content-toggle-accordion-toggle-wrap right\" style=\"color: #000000;\"><span class=\"wp-block-ub-content-toggle-accordion-state-indicator wp-block-ub-chevron-down\"><\/span><\/div>\n\t\t<\/div>\n\t\t\t<div role=\"region\" aria-expanded=\"false\" class=\"wp-block-ub-content-toggle-accordion-content-wrap ub-hide\" id=\"ub-content-toggle-panel-5-70a6b98c-23db-4e83-97e6-545a6cf027ac\">\n\n<p><a href=\"https:\/\/spsb.ch\/wp-content\/uploads\/2019\/05\/Rangliste-Final.pdf\" target=\"_blank\" rel=\"noreferrer noopener\"><strong>Rangliste Final 2019<\/strong><\/a><br><a href=\"https:\/\/spsb.ch\/wp-content\/uploads\/2019\/05\/Gesamtrangliste-2019.pdf\" target=\"_blank\" rel=\"noreferrer noopener\"><strong>Gesamtrangliste 2019<\/strong><\/a><br><a href=\"https:\/\/spsb.ch\/wp-content\/uploads\/2019\/04\/Liste_Sponsoren-2019-2.pdf\" target=\"_blank\" rel=\"noreferrer noopener\"><strong>Sponsoren 2019<\/strong><\/a><\/p>\n\n<\/div>\n\t\t<\/div>\n\n<div class=\"wp-block-ub-content-toggle-accordion\" style=\"border-color: #f1f1f1; \" id=\"ub-content-toggle-panel-block-5961125b-e4cc-404a-adb0-21bf4860b0f9\">\n\t\t\t<div class=\"wp-block-ub-content-toggle-accordion-title-wrap\" style=\"background-color: #f1f1f1;\" aria-controls=\"ub-content-toggle-panel-6-70a6b98c-23db-4e83-97e6-545a6cf027ac\" tabindex=\"0\">\n\t\t\t<p class=\"wp-block-ub-content-toggle-accordion-title ub-content-toggle-title-70a6b98c-23db-4e83-97e6-545a6cf027ac\" style=\"color: #000000; \"><strong>Volksschiessen 2018<\/strong><\/p>\n\t\t\t<div class=\"wp-block-ub-content-toggle-accordion-toggle-wrap right\" style=\"color: #000000;\"><span class=\"wp-block-ub-content-toggle-accordion-state-indicator wp-block-ub-chevron-down\"><\/span><\/div>\n\t\t<\/div>\n\t\t\t<div role=\"region\" aria-expanded=\"false\" class=\"wp-block-ub-content-toggle-accordion-content-wrap ub-hide\" id=\"ub-content-toggle-panel-6-70a6b98c-23db-4e83-97e6-545a6cf027ac\">\n\n<p><strong><a href=\"https:\/\/spsb.ch\/wp-content\/uploads\/2018\/10\/Final-Nichtlizenzierte.pdf\" target=\"_blank\" rel=\"noreferrer noopener\">Rangliste Final 2018<\/a><br><a href=\"https:\/\/spsb.ch\/wp-content\/uploads\/2018\/10\/180511_Rangliste-vor-Final.pdf\" target=\"_blank\" rel=\"noreferrer noopener\">Gesamtrangliste 2018<\/a><\/strong><\/p>\n\n<\/div>\n\t\t<\/div>\n<\/div>\n\n<p>&nbsp;<\/p>\nngg_shortcode_0_placeholder\n<p>&nbsp;<\/p>","protected":false},"excerpt":{"rendered":"<p>Das Schweizer Volksschiessen Gewehr 50m ist die ideale M\u00f6glichkeit der breiten Bev\u00f6lkerung das sportliche Schiessen n\u00e4herzubringen. Alle, ab 10 Jahren, sind teilnahmeberechtigt.Seit 1976 bieten die Sportsch\u00fctzen Biezwil diesen Anlass f\u00fcr Jedermann\/-frau an. Das Programm kann auf 5er- und\/oder 10er-Wertung absolviert werden. Zus\u00e4tzlich wird ein spannender Gruppenwettkampf durchgef\u00fchrt. Jede Gruppe erh\u00e4lt einen attraktiven Preis.Im Grotto Ticinese&#8230;<\/p>\n","protected":false},"author":1,"featured_media":0,"parent":0,"menu_order":0,"comment_status":"closed","ping_status":"closed","template":"","meta":{"ngg_post_thumbnail":0,"footnotes":""},"class_list":["post-6269","page","type-page","status-publish","hentry"],"featured_image_src":null,"_links":{"self":[{"href":"https:\/\/spsb.ch\/index.php\/wp-json\/wp\/v2\/pages\/6269","targetHints":{"allow":["GET"]}}],"collection":[{"href":"https:\/\/spsb.ch\/index.php\/wp-json\/wp\/v2\/pages"}],"about":[{"href":"https:\/\/spsb.ch\/index.php\/wp-json\/wp\/v2\/types\/page"}],"author":[{"embeddable":true,"href":"https:\/\/spsb.ch\/index.php\/wp-json\/wp\/v2\/users\/1"}],"replies":[{"embeddable":true,"href":"https:\/\/spsb.ch\/index.php\/wp-json\/wp\/v2\/comments?post=6269"}],"version-history":[{"count":105,"href":"https:\/\/spsb.ch\/index.php\/wp-json\/wp\/v2\/pages\/6269\/revisions"}],"predecessor-version":[{"id":11619,"href":"https:\/\/spsb.ch\/index.php\/wp-json\/wp\/v2\/pages\/6269\/revisions\/11619"}],"wp:attachment":[{"href":"https:\/\/spsb.ch\/index.php\/wp-json\/wp\/v2\/media?parent=6269"}],"curies":[{"name":"wp","href":"https:\/\/api.w.org\/{rel}","templated":true}]}}