{"id":6260,"date":"2019-02-16T07:08:17","date_gmt":"2019-02-16T07:08:17","guid":{"rendered":"https:\/\/spsb.ch\/?page_id=6260"},"modified":"2026-01-04T16:24:58","modified_gmt":"2026-01-04T15:24:58","slug":"verein","status":"publish","type":"page","link":"https:\/\/spsb.ch\/index.php\/verein\/","title":{"rendered":"Verein"},"content":{"rendered":"<section class=\"l-section wpb_row height_medium\"><div class=\"l-section-h i-cf\"><div class=\"g-cols vc_row type_default valign_top\"><div class=\"vc_col-sm-12 wpb_column vc_column_container\"><div class=\"vc_column-inner\"><div class=\"wpb_wrapper\"><div class=\"g-cols wpb_row type_default valign_top vc_inner \"><div class=\"vc_col-sm-4 wpb_column vc_column_container\"><div class=\"vc_column-inner\"><div class=\"wpb_wrapper\"><div id=\"ultimate-heading-909269e9f2ef32392\" class=\"uvc-heading ult-adjust-bottom-margin ultimate-heading-909269e9f2ef32392 uvc-1323 \" data-hspacer=\"no_spacer\"  data-halign=\"left\" style=\"text-align:left\"><div class=\"uvc-heading-spacer no_spacer\" style=\"top\"><\/div><div class=\"uvc-main-heading ult-responsive\"  data-ultimate-target='.uvc-heading.ultimate-heading-909269e9f2ef32392 h4'  data-responsive-json-new='{\"font-size\":\"\",\"line-height\":\"\"}' ><h4 style=\"font-weight:normal;\">Pr\u00e4sident<\/h4><\/div><\/div>\r\n\t<div class=\"wpb_text_column \">\r\n\t\t<div class=\"wpb_wrapper\">\r\n\t\t\t<p>Pascal Abrecht<br \/>\npraesident@spsb.ch<\/p>\n\r\n\t\t<\/div>\r\n\t<\/div>\r\n<\/div><\/div><\/div><div class=\"vc_col-sm-4 wpb_column vc_column_container\"><div class=\"vc_column-inner\"><div class=\"wpb_wrapper\"><div id=\"ultimate-heading-849869e9f2ef3247f\" class=\"uvc-heading ult-adjust-bottom-margin ultimate-heading-849869e9f2ef3247f uvc-4707 \" data-hspacer=\"no_spacer\"  data-halign=\"left\" style=\"text-align:left\"><div class=\"uvc-heading-spacer no_spacer\" style=\"top\"><\/div><div class=\"uvc-main-heading ult-responsive\"  data-ultimate-target='.uvc-heading.ultimate-heading-849869e9f2ef3247f h4'  data-responsive-json-new='{\"font-size\":\"\",\"line-height\":\"\"}' ><h4 style=\"font-weight:normal;\">Vize-Pr\u00e4sident<\/h4><\/div><\/div>\r\n\t<div class=\"wpb_text_column \">\r\n\t\t<div class=\"wpb_wrapper\">\r\n\t\t\t<p>Stefan Moser<\/p>\n\r\n\t\t<\/div>\r\n\t<\/div>\r\n<\/div><\/div><\/div><div class=\"vc_col-sm-4 wpb_column vc_column_container\"><div class=\"vc_column-inner\"><div class=\"wpb_wrapper\"><div id=\"ultimate-heading-869369e9f2ef32510\" class=\"uvc-heading ult-adjust-bottom-margin ultimate-heading-869369e9f2ef32510 uvc-3579 \" data-hspacer=\"no_spacer\"  data-halign=\"left\" style=\"text-align:left\"><div class=\"uvc-heading-spacer no_spacer\" style=\"top\"><\/div><div class=\"uvc-main-heading ult-responsive\"  data-ultimate-target='.uvc-heading.ultimate-heading-869369e9f2ef32510 h4'  data-responsive-json-new='{\"font-size\":\"\",\"line-height\":\"\"}' ><h4 style=\"font-weight:normal;\">Kassier<\/h4><\/div><\/div>\r\n\t<div class=\"wpb_text_column \">\r\n\t\t<div class=\"wpb_wrapper\">\r\n\t\t\t<p>Theo Abrecht<\/p>\n\r\n\t\t<\/div>\r\n\t<\/div>\r\n<\/div><\/div><\/div><\/div><div class=\"g-cols wpb_row type_default valign_top vc_inner \"><div class=\"vc_col-sm-4 wpb_column vc_column_container\"><div class=\"vc_column-inner\"><div class=\"wpb_wrapper\"><div id=\"ultimate-heading-117869e9f2ef325d4\" class=\"uvc-heading ult-adjust-bottom-margin ultimate-heading-117869e9f2ef325d4 uvc-8017 \" data-hspacer=\"no_spacer\"  data-halign=\"left\" style=\"text-align:left\"><div class=\"uvc-heading-spacer no_spacer\" style=\"top\"><\/div><div class=\"uvc-main-heading ult-responsive\"  data-ultimate-target='.uvc-heading.ultimate-heading-117869e9f2ef325d4 h4'  data-responsive-json-new='{\"font-size\":\"\",\"line-height\":\"\"}' ><h4 style=\"font-weight:normal;\">Sch\u00fctzenmeister G10m<\/h4><\/div><\/div>\r\n\t<div class=\"wpb_text_column \">\r\n\t\t<div class=\"wpb_wrapper\">\r\n\t\t\t<p>Andreas Christen<\/p>\n\r\n\t\t<\/div>\r\n\t<\/div>\r\n<\/div><\/div><\/div><div class=\"vc_col-sm-4 wpb_column vc_column_container\"><div class=\"vc_column-inner\"><div class=\"wpb_wrapper\"><div id=\"ultimate-heading-820669e9f2ef32654\" class=\"uvc-heading ult-adjust-bottom-margin ultimate-heading-820669e9f2ef32654 uvc-5682 \" data-hspacer=\"no_spacer\"  data-halign=\"left\" style=\"text-align:left\"><div class=\"uvc-heading-spacer no_spacer\" style=\"top\"><\/div><div class=\"uvc-main-heading ult-responsive\"  data-ultimate-target='.uvc-heading.ultimate-heading-820669e9f2ef32654 h4'  data-responsive-json-new='{\"font-size\":\"\",\"line-height\":\"\"}' ><h4 style=\"font-weight:normal;\">Sch\u00fctzenmeister G50m<\/h4><\/div><\/div>\r\n\t<div class=\"wpb_text_column \">\r\n\t\t<div class=\"wpb_wrapper\">\r\n\t\t\t<p>Stefan Moser<br \/>\nschuetzenmeister@spsb.ch<\/p>\n\r\n\t\t<\/div>\r\n\t<\/div>\r\n<\/div><\/div><\/div><div class=\"vc_col-sm-4 wpb_column vc_column_container\"><div class=\"vc_column-inner\"><div class=\"wpb_wrapper\"><div id=\"ultimate-heading-760469e9f2ef326cc\" class=\"uvc-heading ult-adjust-bottom-margin ultimate-heading-760469e9f2ef326cc uvc-867 \" data-hspacer=\"no_spacer\"  data-halign=\"left\" style=\"text-align:left\"><div class=\"uvc-heading-spacer no_spacer\" style=\"top\"><\/div><div class=\"uvc-main-heading ult-responsive\"  data-ultimate-target='.uvc-heading.ultimate-heading-760469e9f2ef326cc h4'  data-responsive-json-new='{\"font-size\":\"\",\"line-height\":\"\"}' ><h4 style=\"font-weight:normal;\">Nachwuchsleiter<\/h4><\/div><\/div>\r\n\t<div class=\"wpb_text_column \">\r\n\t\t<div class=\"wpb_wrapper\">\r\n\t\t\t<p>David Sch\u00f6nholzer<\/p>\n\r\n\t\t<\/div>\r\n\t<\/div>\r\n<\/div><\/div><\/div><\/div><div class=\"g-cols wpb_row type_default valign_top vc_inner \"><div class=\"vc_col-sm-4 wpb_column vc_column_container\"><div class=\"vc_column-inner\"><div class=\"wpb_wrapper\"><div id=\"ultimate-heading-904169e9f2ef327a2\" class=\"uvc-heading ult-adjust-bottom-margin ultimate-heading-904169e9f2ef327a2 uvc-6394 \" data-hspacer=\"no_spacer\"  data-halign=\"left\" style=\"text-align:left\"><div class=\"uvc-heading-spacer no_spacer\" style=\"top\"><\/div><div class=\"uvc-main-heading ult-responsive\"  data-ultimate-target='.uvc-heading.ultimate-heading-904169e9f2ef327a2 h4'  data-responsive-json-new='{\"font-size\":\"\",\"line-height\":\"\"}' ><h4 style=\"font-weight:normal;\">Aktuar<\/h4><\/div><\/div>\r\n\t<div class=\"wpb_text_column \">\r\n\t\t<div class=\"wpb_wrapper\">\r\n\t\t\t<p>Daniel Moser<\/p>\n\r\n\t\t<\/div>\r\n\t<\/div>\r\n<\/div><\/div><\/div><div class=\"vc_col-sm-4 wpb_column vc_column_container\"><div class=\"vc_column-inner\"><div class=\"wpb_wrapper\"><div id=\"ultimate-heading-950469e9f2ef3281f\" class=\"uvc-heading ult-adjust-bottom-margin ultimate-heading-950469e9f2ef3281f uvc-7828 \" data-hspacer=\"no_spacer\"  data-halign=\"left\" style=\"text-align:left\"><div class=\"uvc-heading-spacer no_spacer\" style=\"top\"><\/div><div class=\"uvc-main-heading ult-responsive\"  data-ultimate-target='.uvc-heading.ultimate-heading-950469e9f2ef3281f h4'  data-responsive-json-new='{\"font-size\":\"\",\"line-height\":\"\"}' ><h4 style=\"font-weight:normal;\">Beisitz<\/h4><\/div><\/div>\r\n\t<div class=\"wpb_text_column \">\r\n\t\t<div class=\"wpb_wrapper\">\r\n\t\t\t<p>Fritz Bangerter<\/p>\n\r\n\t\t<\/div>\r\n\t<\/div>\r\n<\/div><\/div><\/div><div class=\"vc_col-sm-4 wpb_column vc_column_container\"><div class=\"vc_column-inner\"><div class=\"wpb_wrapper\"><\/div><\/div><\/div><\/div><div class=\"g-cols wpb_row type_default valign_top vc_inner \"><div class=\"vc_col-sm-12 wpb_column vc_column_container\"><div class=\"vc_column-inner\"><div class=\"wpb_wrapper\">\r\n\t<div class=\"wpb_text_column \">\r\n\t\t<div class=\"wpb_wrapper\">\r\n\t\t\t<p><a href=\"https:\/\/spsb.ch\/index.php\/verein\/2025-1-4_spsb-ch-aktuell\/\" rel=\"attachment wp-att-11503\">SPSB-AKTUELL_Ausgabe 2025<\/a><\/p>\n<p><a href=\"https:\/\/spsb.ch\/wp-content\/uploads\/2018\/06\/Beitrittserklaerung.pdf\" target=\"_blank\" rel=\"noopener\">Beitrittserkl\u00e4rung<\/a><\/p>\n<p>Sie erreichen uns unter der E-Mail-Adresse:<\/p>\n<p>info@spsb.ch<\/p>\n\r\n\t\t<\/div>\r\n\t<\/div>\r\n<\/div><\/div><\/div><\/div><div class=\"g-cols wpb_row type_default valign_top vc_inner \"><div class=\"vc_col-sm-12 wpb_column vc_column_container\"><div class=\"vc_column-inner\"><div class=\"wpb_wrapper\"><div id=\"ultimate-heading-561169e9f2ef32a1f\" class=\"uvc-heading ult-adjust-bottom-margin ultimate-heading-561169e9f2ef32a1f uvc-8051 \" data-hspacer=\"no_spacer\"  data-halign=\"left\" style=\"text-align:left\"><div class=\"uvc-heading-spacer no_spacer\" style=\"top\"><\/div><div class=\"uvc-main-heading ult-responsive\"  data-ultimate-target='.uvc-heading.ultimate-heading-561169e9f2ef32a1f h2'  data-responsive-json-new='{\"font-size\":\"\",\"line-height\":\"\"}' ><h2 style=\"font-weight:normal;\">Vereinsgeschichte<\/h2><\/div><\/div>\r\n\t<div class=\"wpb_text_column \">\r\n\t\t<div class=\"wpb_wrapper\">\r\n\t\t\t<p>1943 wurde der Verein &#171;Kleinkalibersektion Schnottwil&#187; gegr\u00fcndet. Der Grund f\u00fcr diese Gr\u00fcndung war, dass damals &#8211; w\u00e4hrend dem zweiten Weltkrieg &#8211; die Munition zum 300m Schiessen sehr teuer war. Geschossen wurde anf\u00e4nglich in Schnottwil. Die 50m Sch\u00fctzen benutzten zu jenem Zeitpunkt einen Kleinkaliberkarabiner.<\/p>\n<p>Die Sch\u00fctzen bauten im Jahre 1974 in M\u00fchledorf einen eigenen 50m Sch\u00fctzenstand. Im Jahre 1977 wurde dieser er\u00f6ffnet. Gleichzeitig erfolgte die Namens\u00e4nderung auf &#171;Kleinkalibersektion M\u00fchledorf&#187;.<\/p>\n<p>Im Jahre 1984 musste sich der Verein nach neuen Schiessstand umsehen und fand ihn in Biezwil eine passende L\u00f6sung. 1986 wurde der neue Schiessstand in Biezwil er\u00f6ffnet. Der Verein hiess fortan &#171;Sportsch\u00fctzen Biezwil&#187;.<\/p>\n<p>Seit 2002 wurde das Sportangebot auch im Bereich Gewehr10m erweitert. Im Sch\u00fctzenhaus in B\u00fcren a\/A wurde in Kooperation mit den ortsans\u00e4ssigen Vereinen eine Anlage mit 10 Scheiben eingerichtet.<\/p>\n\r\n\t\t<\/div>\r\n\t<\/div>\r\n<\/div><\/div><\/div><\/div><\/div><\/div><\/div><\/div><\/div><\/section>\n","protected":false},"excerpt":{"rendered":"Pr\u00e4sident Pascal Abrecht praesident@spsb.ch Vize-Pr\u00e4sident Stefan Moser Kassier Theo Abrecht Sch\u00fctzenmeister G10m Andreas Christen Sch\u00fctzenmeister G50m Stefan Moser schuetzenmeister@spsb.ch Nachwuchsleiter David Sch\u00f6nholzer Aktuar Daniel Moser Beisitz Fritz Bangerter SPSB-AKTUELL_Ausgabe 2025 Beitrittserkl\u00e4rung Sie erreichen uns unter der E-Mail-Adresse: info@spsb.ch Vereinsgeschichte 1943 wurde der Verein \"Kleinkalibersektion Schnottwil\" gegr\u00fcndet. Der Grund f\u00fcr diese Gr\u00fcndung war, dass damals -...","protected":false},"author":1,"featured_media":0,"parent":0,"menu_order":0,"comment_status":"closed","ping_status":"closed","template":"","meta":{"ngg_post_thumbnail":0,"footnotes":""},"class_list":["post-6260","page","type-page","status-publish","hentry"],"featured_image_src":null,"_links":{"self":[{"href":"https:\/\/spsb.ch\/index.php\/wp-json\/wp\/v2\/pages\/6260","targetHints":{"allow":["GET"]}}],"collection":[{"href":"https:\/\/spsb.ch\/index.php\/wp-json\/wp\/v2\/pages"}],"about":[{"href":"https:\/\/spsb.ch\/index.php\/wp-json\/wp\/v2\/types\/page"}],"author":[{"embeddable":true,"href":"https:\/\/spsb.ch\/index.php\/wp-json\/wp\/v2\/users\/1"}],"replies":[{"embeddable":true,"href":"https:\/\/spsb.ch\/index.php\/wp-json\/wp\/v2\/comments?post=6260"}],"version-history":[{"count":110,"href":"https:\/\/spsb.ch\/index.php\/wp-json\/wp\/v2\/pages\/6260\/revisions"}],"predecessor-version":[{"id":11526,"href":"https:\/\/spsb.ch\/index.php\/wp-json\/wp\/v2\/pages\/6260\/revisions\/11526"}],"wp:attachment":[{"href":"https:\/\/spsb.ch\/index.php\/wp-json\/wp\/v2\/media?parent=6260"}],"curies":[{"name":"wp","href":"https:\/\/api.w.org\/{rel}","templated":true}]}}